{"id":5692,"date":"2021-09-19T11:28:28","date_gmt":"2021-09-19T09:28:28","guid":{"rendered":"https:\/\/erasmusplus2025.itis.biella.it\/hackathon\/?page_id=5692"},"modified":"2023-07-19T15:40:37","modified_gmt":"2023-07-19T13:40:37","slug":"biella-2021","status":"publish","type":"page","link":"https:\/\/erasmusplus.itis.biella.it\/hackathon\/index.php\/biella-2021\/","title":{"rendered":"BIELLA &#8211; JULY 2021"},"content":{"rendered":"<p><div class=\"kc-elm kc-css-304336 kc_row\"><div class=\"kc-row-container  kc-container\"><div class=\"kc-wrap-columns\"><div class=\"kc-elm kc-css-233563 kc_col-sm-12 kc_column kc_col-sm-12\"><div class=\"kc-col-container\"><\/div><\/div><\/div><\/div><\/div><div class=\"kc-elm kc-css-695618 kc_row\"><div class=\"kc-row-container  kc-container\"><div class=\"kc-wrap-columns\"><div class=\"kc-elm kc-css-671580 kc_col-sm-12 kc_column kc_col-sm-12\"><div class=\"kc-col-container\"><div class=\"kc-image-gallery kc-elm kc-css-488340\"><h3 class=\"kc-title image-gallery-title\">TRANSNATIONAL MEETINGS - BIELLA - 19-20 JULY, 2021<\/h3>\n<div class=\"kc_image_gallery kc-carousel-image kc-grid \">\n<div class=\"item-grid grid-2\"><img decoding=\"async\" src=\"https:\/\/erasmusplus.itis.biella.it\/hackathon\/wp-content\/uploads\/2021\/09\/Hackathon_Biella_July_2021_07.jpg\" alt=\"\"\/><\/div><div class=\"item-grid grid-2\"><img decoding=\"async\" src=\"https:\/\/erasmusplus.itis.biella.it\/hackathon\/wp-content\/uploads\/2021\/09\/Hackathon_Biella_July_2021_02.jpg\" alt=\"\"\/><\/div><div class=\"item-grid grid-2\"><img decoding=\"async\" src=\"https:\/\/erasmusplus.itis.biella.it\/hackathon\/wp-content\/uploads\/2021\/09\/Hackathon_Biella_July_2021_01.jpg\" alt=\"\"\/><\/div><div class=\"item-grid grid-2\"><img decoding=\"async\" src=\"https:\/\/erasmusplus.itis.biella.it\/hackathon\/wp-content\/uploads\/2021\/09\/Hackathon_Biella_July_2021_04.jpg\" alt=\"\"\/><\/div><div class=\"item-grid grid-2\"><img decoding=\"async\" src=\"https:\/\/erasmusplus.itis.biella.it\/hackathon\/wp-content\/uploads\/2021\/09\/Hackathon_Biella_July_2021_03.jpg\" alt=\"\"\/><\/div><div class=\"item-grid grid-2\"><img decoding=\"async\" src=\"https:\/\/erasmusplus.itis.biella.it\/hackathon\/wp-content\/uploads\/2021\/09\/Hackathon_Biella_July_2021_19.jpg\" alt=\"\"\/><\/div><div class=\"item-grid grid-2\"><img decoding=\"async\" src=\"https:\/\/erasmusplus.itis.biella.it\/hackathon\/wp-content\/uploads\/2021\/09\/Hackathon_Biella_July_2021_06.jpg\" alt=\"\"\/><\/div><div class=\"item-grid grid-2\"><img decoding=\"async\" src=\"https:\/\/erasmusplus.itis.biella.it\/hackathon\/wp-content\/uploads\/2021\/09\/Hackathon_Biella_July_2021_05.jpg\" alt=\"\"\/><\/div><div class=\"item-grid grid-2\"><img decoding=\"async\" src=\"https:\/\/erasmusplus.itis.biella.it\/hackathon\/wp-content\/uploads\/2021\/09\/Hackathon_Biella_July_2021_08.jpg\" alt=\"\"\/><\/div><div class=\"item-grid grid-2\"><img decoding=\"async\" src=\"https:\/\/erasmusplus.itis.biella.it\/hackathon\/wp-content\/uploads\/2021\/09\/Hackathon_Biella_July_2021_11.jpg\" alt=\"\"\/><\/div><div class=\"item-grid grid-2\"><img decoding=\"async\" src=\"https:\/\/erasmusplus.itis.biella.it\/hackathon\/wp-content\/uploads\/2021\/09\/Hackathon_Biella_July_2021_09.jpg\" alt=\"\"\/><\/div><div class=\"item-grid grid-2\"><img decoding=\"async\" src=\"https:\/\/erasmusplus.itis.biella.it\/hackathon\/wp-content\/uploads\/2021\/09\/Hackathon_Biella_July_2021_12.jpg\" alt=\"\"\/><\/div><div class=\"item-grid grid-2\"><img decoding=\"async\" src=\"https:\/\/erasmusplus.itis.biella.it\/hackathon\/wp-content\/uploads\/2021\/09\/Hackathon_Biella_July_2021_10.jpg\" alt=\"\"\/><\/div><div class=\"item-grid grid-2\"><img decoding=\"async\" src=\"https:\/\/erasmusplus.itis.biella.it\/hackathon\/wp-content\/uploads\/2021\/09\/Hackathon_Biella_July_2021_13.jpg\" alt=\"\"\/><\/div><div class=\"item-grid grid-2\"><img decoding=\"async\" src=\"https:\/\/erasmusplus.itis.biella.it\/hackathon\/wp-content\/uploads\/2021\/09\/Hackathon_Biella_July_2021_18.jpg\" alt=\"\"\/><\/div><div class=\"item-grid grid-2\"><img decoding=\"async\" src=\"https:\/\/erasmusplus.itis.biella.it\/hackathon\/wp-content\/uploads\/2021\/09\/Hackathon_Biella_July_2021_17.jpg\" alt=\"\"\/><\/div><div class=\"item-grid grid-2\"><img decoding=\"async\" src=\"https:\/\/erasmusplus.itis.biella.it\/hackathon\/wp-content\/uploads\/2021\/09\/Hackathon_Biella_July_2021_16.jpg\" alt=\"\"\/><\/div><div class=\"item-grid grid-2\"><img decoding=\"async\" src=\"https:\/\/erasmusplus.itis.biella.it\/hackathon\/wp-content\/uploads\/2021\/09\/Hackathon_Biella_July_2021_15.jpg\" alt=\"\"\/><\/div><div class=\"item-grid grid-2\"><img decoding=\"async\" src=\"https:\/\/erasmusplus.itis.biella.it\/hackathon\/wp-content\/uploads\/2021\/09\/Hackathon_Biella_July_2021_14.jpg\" alt=\"\"\/><\/div><div class=\"item-grid grid-2\"><img decoding=\"async\" src=\"https:\/\/erasmusplus.itis.biella.it\/hackathon\/wp-content\/uploads\/2021\/09\/Hackathon_Biella_July_2021_20.jpg\" alt=\"\"\/><\/div><\/div>\n<\/div><div class=\"kc-elm kc-css-455942 kc_text_block\"><\/p>\n<style type=\"text\/css\"><\/style>\n<div class=\"kc-elm kc-css-3647371 kc_row\">\n<div class=\"kc-row-container kc-container\">\n<div class=\"kc-wrap-columns\">\n<div class=\"kc-elm kc-css-2253312 kc_col-sm-12 kc_column kc_col-sm-12\">\n<div class=\"kc-col-container\">\n<div class=\"kc-elm kc-css-2152439 kc_text_block\">\n<p><strong>TRANSNATIONAL MEETINGS &#8211; BIELLA &#8211; 19-20 JULY, 2021<\/strong><\/p>\n<p><strong>&nbsp;Second partners meeting<\/strong><\/p>\n<p><span style=\"color: rgb(34, 34, 34); font-family: Arial, Helvetica, sans-serif; font-size: small; font-style: inherit;\">El &nbsp;encuentro transnacional se realiz\u00f3 en Biella (Italia) de modo presencial durante los d\u00edas: 22-25 de julio 2021<\/span><\/p>\n<p><span style=\"color: rgb(34, 34, 34); font-family: Arial, Helvetica, sans-serif; font-size: small;\">Durante el encuentro, se revis\u00f3 el calendario de actividad as\u00ed como los plazos de ejecuci\u00f3n para el desarrollo de las mismas. Adem\u00e1s se revis\u00f3 la metodolog\u00eda, los canales de comunicaci\u00f3n, se revis\u00f3 el training package y se &nbsp;trabaj\u00f3 de modo conjunto para preparar la actividad de formaci\u00f3n del profesorado.<\/span><br style=\"color: rgb(34, 34, 34); font-family: Arial, Helvetica, sans-serif; font-size: small;\"><span style=\"color: rgb(34, 34, 34); font-family: Arial, Helvetica, sans-serif; font-size: small;\">La agenda del meeting se organiz\u00f3 del siguiente modo:<\/span><br style=\"color: rgb(34, 34, 34); font-family: Arial, Helvetica, sans-serif; font-size: small;\"><span style=\"color: rgb(34, 34, 34); font-family: Arial, Helvetica, sans-serif; font-size: small;\">El primer d\u00eda: Llegada de los participantes Cena de Bienvenida<\/span><br style=\"color: rgb(34, 34, 34); font-family: Arial, Helvetica, sans-serif; font-size: small;\"><span style=\"color: rgb(34, 34, 34); font-family: Arial, Helvetica, sans-serif; font-size: small;\">Segundo d\u00eda: Bienvenida de los participantes, presentaci\u00f3n de la agenda, presentaci\u00f3n de la gu\u00eda y del sitio web del proyecto<\/span><br style=\"color: rgb(34, 34, 34); font-family: Arial, Helvetica, sans-serif; font-size: small;\"><span style=\"color: rgb(34, 34, 34); font-family: Arial, Helvetica, sans-serif; font-size: small;\">Revisi\u00f3n del plan de trabajo, metodolog\u00eda, canales de comunicaci\u00f3n, estrategia de difusi\u00f3n explotaci\u00f3n y evaluaci\u00f3n de resultados<\/span><br style=\"color: rgb(34, 34, 34); font-family: Arial, Helvetica, sans-serif; font-size: small;\"><span style=\"color: rgb(34, 34, 34); font-family: Arial, Helvetica, sans-serif; font-size: small;\">Presentaci\u00f3n de las actividades a llevadas a cabo por cada socio<\/span><br style=\"color: rgb(34, 34, 34); font-family: Arial, Helvetica, sans-serif; font-size: small;\"><span style=\"color: rgb(34, 34, 34); font-family: Arial, Helvetica, sans-serif; font-size: small;\">Tercer d\u00eda:<\/span><br style=\"color: rgb(34, 34, 34); font-family: Arial, Helvetica, sans-serif; font-size: small;\"><span style=\"color: rgb(34, 34, 34); font-family: Arial, Helvetica, sans-serif; font-size: small;\">Preparaci\u00f3n de la actividad de formaci\u00f3n del profesorado<\/span><br style=\"color: rgb(34, 34, 34); font-family: Arial, Helvetica, sans-serif; font-size: small;\"><span style=\"color: rgb(34, 34, 34); font-family: Arial, Helvetica, sans-serif; font-size: small;\">Revisi\u00f3n de las actividades y de la documentaci\u00f3n de coordinaci\u00f3n y justificaci\u00f3n financiera<\/span><br style=\"color: rgb(34, 34, 34); font-family: Arial, Helvetica, sans-serif; font-size: small;\"><span style=\"color: rgb(34, 34, 34); font-family: Arial, Helvetica, sans-serif; font-size: small;\">Cuarto d\u00eda:<\/span><br style=\"color: rgb(34, 34, 34); font-family: Arial, Helvetica, sans-serif; font-size: small;\"><span style=\"color: rgb(34, 34, 34); font-family: Arial, Helvetica, sans-serif; font-size: small;\">Regreso de los participantes&nbsp;<\/span><strong><br \/><\/strong><\/p>\n<\/p>\n<\/div>\n<\/div>\n<\/div>\n<\/div>\n<\/div>\n<\/div>\n<p>\n<\/div><\/div><\/div><\/div><\/div><\/div><\/p>\n","protected":false},"excerpt":{"rendered":"","protected":false},"author":1,"featured_media":0,"parent":0,"menu_order":0,"comment_status":"closed","ping_status":"closed","template":"templates\/composer.php","meta":{"footnotes":""},"class_list":["post-5692","page","type-page","status-publish","hentry"],"_links":{"self":[{"href":"https:\/\/erasmusplus.itis.biella.it\/hackathon\/index.php\/wp-json\/wp\/v2\/pages\/5692","targetHints":{"allow":["GET"]}}],"collection":[{"href":"https:\/\/erasmusplus.itis.biella.it\/hackathon\/index.php\/wp-json\/wp\/v2\/pages"}],"about":[{"href":"https:\/\/erasmusplus.itis.biella.it\/hackathon\/index.php\/wp-json\/wp\/v2\/types\/page"}],"author":[{"embeddable":true,"href":"https:\/\/erasmusplus.itis.biella.it\/hackathon\/index.php\/wp-json\/wp\/v2\/users\/1"}],"replies":[{"embeddable":true,"href":"https:\/\/erasmusplus.itis.biella.it\/hackathon\/index.php\/wp-json\/wp\/v2\/comments?post=5692"}],"version-history":[{"count":5,"href":"https:\/\/erasmusplus.itis.biella.it\/hackathon\/index.php\/wp-json\/wp\/v2\/pages\/5692\/revisions"}],"predecessor-version":[{"id":6437,"href":"https:\/\/erasmusplus.itis.biella.it\/hackathon\/index.php\/wp-json\/wp\/v2\/pages\/5692\/revisions\/6437"}],"wp:attachment":[{"href":"https:\/\/erasmusplus.itis.biella.it\/hackathon\/index.php\/wp-json\/wp\/v2\/media?parent=5692"}],"curies":[{"name":"wp","href":"https:\/\/api.w.org\/{rel}","templated":true}]}}