{"id":5743,"date":"2021-10-28T20:08:34","date_gmt":"2021-10-28T18:08:34","guid":{"rendered":"https:\/\/erasmusplus2025.itis.biella.it\/hackathon\/?page_id=5743"},"modified":"2023-07-19T15:39:48","modified_gmt":"2023-07-19T13:39:48","slug":"kick-off-meeting-nov2020","status":"publish","type":"page","link":"https:\/\/erasmusplus.itis.biella.it\/hackathon\/index.php\/kick-off-meeting-nov2020\/","title":{"rendered":"KICK OFF MEETING &#8211; Nov. 2020"},"content":{"rendered":"<p><div class=\"kc-elm kc-css-817564 kc_row\"><div class=\"kc-row-container  kc-container\"><div class=\"kc-wrap-columns\"><div class=\"kc-elm kc-css-998326 kc_col-sm-12 kc_column kc_col-sm-12\"><div class=\"kc-col-container\"><div class=\"kc-image-gallery kc-elm kc-css-499386\"><h3 class=\"kc-title image-gallery-title\">KICK OFF MEETING \u2013 online \u2013 12-13 November, 2020<\/h3>\n<div class=\"kc_image_gallery kc-carousel-image kc-grid \">\n<div class=\"item-grid grid-2\"><a class=\"kc-image-link kc-pretty-photo\" data-lightbox=\"kc-lightbox\" rel=\"kc-pretty-photo[40717611]\" href=\"https:\/\/erasmusplus.itis.biella.it\/hackathon\/wp-content\/uploads\/2021\/10\/143501239_102547908523149_8548657000637991001_n.jpg\"><img decoding=\"async\" src=\"https:\/\/erasmusplus.itis.biella.it\/hackathon\/wp-content\/uploads\/2021\/10\/143501239_102547908523149_8548657000637991001_n-800x400xc.jpg\" alt=\"\"\/><div class=\"kc-image-overlay\"><i class=\"fa-plus\"><\/i><\/div><\/a><\/div><div class=\"item-grid grid-2\"><a class=\"kc-image-link kc-pretty-photo\" data-lightbox=\"kc-lightbox\" rel=\"kc-pretty-photo[40717611]\" href=\"https:\/\/erasmusplus.itis.biella.it\/hackathon\/wp-content\/uploads\/2021\/10\/143506701_102548385189768_2125096043085925371_n.jpg\"><img decoding=\"async\" src=\"https:\/\/erasmusplus.itis.biella.it\/hackathon\/wp-content\/uploads\/2021\/10\/143506701_102548385189768_2125096043085925371_n-800x400xc.jpg\" alt=\"\"\/><div class=\"kc-image-overlay\"><i class=\"fa-plus\"><\/i><\/div><\/a><\/div><div class=\"item-grid grid-2\"><a class=\"kc-image-link kc-pretty-photo\" data-lightbox=\"kc-lightbox\" rel=\"kc-pretty-photo[40717611]\" href=\"https:\/\/erasmusplus.itis.biella.it\/hackathon\/wp-content\/uploads\/2021\/10\/143563665_102547868523153_5540999578001090440_n.jpg\"><img decoding=\"async\" src=\"https:\/\/erasmusplus.itis.biella.it\/hackathon\/wp-content\/uploads\/2021\/10\/143563665_102547868523153_5540999578001090440_n-800x400xc.jpg\" alt=\"\"\/><div class=\"kc-image-overlay\"><i class=\"fa-plus\"><\/i><\/div><\/a><\/div><div class=\"item-grid grid-2\"><a class=\"kc-image-link kc-pretty-photo\" data-lightbox=\"kc-lightbox\" rel=\"kc-pretty-photo[40717611]\" href=\"https:\/\/erasmusplus.itis.biella.it\/hackathon\/wp-content\/uploads\/2021\/10\/143574555_102547831856490_6593560366588013948_n.jpg\"><img decoding=\"async\" src=\"https:\/\/erasmusplus.itis.biella.it\/hackathon\/wp-content\/uploads\/2021\/10\/143574555_102547831856490_6593560366588013948_n-800x400xc.jpg\" alt=\"\"\/><div class=\"kc-image-overlay\"><i class=\"fa-plus\"><\/i><\/div><\/a><\/div><div class=\"item-grid grid-2\"><a class=\"kc-image-link kc-pretty-photo\" data-lightbox=\"kc-lightbox\" rel=\"kc-pretty-photo[40717611]\" href=\"https:\/\/erasmusplus.itis.biella.it\/hackathon\/wp-content\/uploads\/2021\/10\/143881709_102548125189794_790450194899241781_n.jpg\"><img decoding=\"async\" src=\"https:\/\/erasmusplus.itis.biella.it\/hackathon\/wp-content\/uploads\/2021\/10\/143881709_102548125189794_790450194899241781_n-800x400xc.jpg\" alt=\"\"\/><div class=\"kc-image-overlay\"><i class=\"fa-plus\"><\/i><\/div><\/a><\/div><div class=\"item-grid grid-2\"><a class=\"kc-image-link kc-pretty-photo\" data-lightbox=\"kc-lightbox\" rel=\"kc-pretty-photo[40717611]\" href=\"https:\/\/erasmusplus.itis.biella.it\/hackathon\/wp-content\/uploads\/2021\/10\/165879345_118738506904089_5876984804173295865_n.jpg\"><img decoding=\"async\" src=\"https:\/\/erasmusplus.itis.biella.it\/hackathon\/wp-content\/uploads\/2021\/10\/165879345_118738506904089_5876984804173295865_n-800x400xc.jpg\" alt=\"\"\/><div class=\"kc-image-overlay\"><i class=\"fa-plus\"><\/i><\/div><\/a><\/div><\/div>\n<\/div><\/div><\/div><\/div><\/div><\/div><div class=\"kc-elm kc-css-550803 kc_row\"><div class=\"kc-row-container  kc-container\"><div class=\"kc-wrap-columns\"><div class=\"kc-elm kc-css-126690 kc_col-sm-12 kc_column kc_col-sm-12\"><div class=\"kc-col-container\"><div class=\"kc-elm kc-css-658571 kc_text_block\"><\/p>\n<style type=\"text\/css\"><\/style>\n<div class=\"kc-elm kc-css-2537316 kc_row\">\n<div class=\"kc-row-container kc-container\">\n<div class=\"kc-wrap-columns\">\n<div class=\"kc-elm kc-css-3354647 kc_col-sm-12 kc_column kc_col-sm-12\">\n<div class=\"kc-col-container\"><\/div>\n<\/div>\n<\/div>\n<\/div>\n<\/div>\n<div class=\"kc-elm kc-css-1345617 kc_row\">\n<div class=\"kc-row-container kc-container\">\n<div class=\"kc-wrap-columns\">\n<div class=\"kc-elm kc-css-358059 kc_col-sm-12 kc_column kc_col-sm-12\">\n<div class=\"kc-col-container\">\n<div class=\"kc-elm kc-css-2893103 kc_text_block\">\n<style type=\"text\/css\"><\/style>\n<div class=\"kc-elm kc-css-3647371 kc_row\">\n<div class=\"kc-row-container kc-container\">\n<div class=\"kc-wrap-columns\">\n<div class=\"kc-elm kc-css-2253312 kc_col-sm-12 kc_column kc_col-sm-12\">\n<div class=\"kc-col-container\">\n<div class=\"kc-elm kc-css-2152439 kc_text_block\">\n<p><strong>KICK OFF MEETING &#8211; online &#8211; 12-13 November, 2020<\/strong><\/p>\n<p>Primer encuentro de los socios fue organizado ONLINE por el coordinador del proyecto (IES LLuis Simarro), con la participaci\u00f3n de todos los socios transnacionales los d\u00edas 12 y 13 de noviembre 2020.<br \/>Para la realizaci\u00f3n del Kick-off meeting se utiliz\u00f3 la plataforma de comunicaci\u00f3n Zoom.<br \/>Durante el encuentro, se present\u00f3 el calendario de actividades y se acord\u00f3 con cada socio su rol en el proyecto, as\u00ed como los plazos de ejecuci\u00f3n para el desarrollo de las actividades. Se firmaron los contratos incluyendo el rol, las actividades a desarrollar, el presupuesto asignado a cada una de ellas, los resultados esperados, etc.<br \/>Se acordaron las pautas, se defini\u00f3 el plan de trabajo y \u00a0los formatos para llevar a cabo las actividades y se estableci\u00f3 la metodolog\u00eda y el modo de comunicaci\u00f3n entre los socios.<br \/>La agenda del meeting se organiz\u00f3 del siguiente modo:<br \/>Primer d\u00eda: Presentaci\u00f3n de la agenda, presentaci\u00f3n de los socios, presentaci\u00f3n del contexto del proyecto Actividades preparatorias: &#8211; Implicaci\u00f3n de los participantes \u2013 Presentaci\u00f3n de los objetivos e impacto esperados &#8211; Presentaci\u00f3n de los resultados esperados<br \/>Presentaci\u00f3n de la gu\u00eda y del sitio web del proyecto \u2013 Acuerdo sobre las tareas a desarrollar por cada socio<br \/>Segundo d\u00eda:<br \/>Presentaci\u00f3n de las actividades de coordinaci\u00f3n y justificaci\u00f3n financiera -Modelos y acuerdos para la justificaci\u00f3n financiera Presentaci\u00f3n, an\u00e1lisis y acuerdo del plan de difusi\u00f3n<br \/>-Presentaci\u00f3n del plan de difusi\u00f3n -Acuerdo de los socios con el plan de difusi\u00f3n<br \/>-Presentaci\u00f3n del formulario a usar para realizar el informe de las actividades de difusi\u00f3n -Presentaci\u00f3n de la gu\u00eda para escribir el informe de las actividades de difusi\u00f3n<br \/>-Presentaci\u00f3n del plan de explotaci\u00f3n de los resultados del proyecto- Comunidad de aprendizaje -Presentaci\u00f3n y acuerdo del formulario para incluir entidades asociadas al proyecto Presentaci\u00f3n y acuerdo de la estrategia de evaluaci\u00f3n de resultados y actividades<br \/>-Presentaci\u00f3n de las actividades a llevadas a cabo por cada socio.<\/p>\n<div class=\"adL\"><\/div>\n<\/div>\n<\/div>\n<\/div>\n<\/div>\n<\/div>\n<\/div>\n<\/div>\n<\/div>\n<\/div>\n<\/div>\n<\/div>\n<\/div>\n<p>\n<\/div><\/div><\/div><\/div><\/div><\/div><\/p>\n","protected":false},"excerpt":{"rendered":"","protected":false},"author":1,"featured_media":0,"parent":0,"menu_order":0,"comment_status":"closed","ping_status":"closed","template":"templates\/composer.php","meta":{"footnotes":""},"class_list":["post-5743","page","type-page","status-publish","hentry"],"_links":{"self":[{"href":"https:\/\/erasmusplus.itis.biella.it\/hackathon\/index.php\/wp-json\/wp\/v2\/pages\/5743","targetHints":{"allow":["GET"]}}],"collection":[{"href":"https:\/\/erasmusplus.itis.biella.it\/hackathon\/index.php\/wp-json\/wp\/v2\/pages"}],"about":[{"href":"https:\/\/erasmusplus.itis.biella.it\/hackathon\/index.php\/wp-json\/wp\/v2\/types\/page"}],"author":[{"embeddable":true,"href":"https:\/\/erasmusplus.itis.biella.it\/hackathon\/index.php\/wp-json\/wp\/v2\/users\/1"}],"replies":[{"embeddable":true,"href":"https:\/\/erasmusplus.itis.biella.it\/hackathon\/index.php\/wp-json\/wp\/v2\/comments?post=5743"}],"version-history":[{"count":14,"href":"https:\/\/erasmusplus.itis.biella.it\/hackathon\/index.php\/wp-json\/wp\/v2\/pages\/5743\/revisions"}],"predecessor-version":[{"id":6436,"href":"https:\/\/erasmusplus.itis.biella.it\/hackathon\/index.php\/wp-json\/wp\/v2\/pages\/5743\/revisions\/6436"}],"wp:attachment":[{"href":"https:\/\/erasmusplus.itis.biella.it\/hackathon\/index.php\/wp-json\/wp\/v2\/media?parent=5743"}],"curies":[{"name":"wp","href":"https:\/\/api.w.org\/{rel}","templated":true}]}}